{"id":448,"date":"2024-05-16T15:45:41","date_gmt":"2024-05-16T13:45:41","guid":{"rendered":"https:\/\/coteverdonlocation.com\/?page_id=448"},"modified":"2026-02-26T17:49:28","modified_gmt":"2026-02-26T17:49:28","slug":"activites","status":"publish","type":"page","link":"https:\/\/coteverdonlocation.ovh\/?page_id=448","title":{"rendered":"ACTIVITES"},"content":{"rendered":"\n<p class=\"has-text-align-center has-medium-font-size\"><em>Activit\u00e9<\/em>s<\/p>\n\n\n\n<div class=\"wp-block-cover alignwide is-light\" style=\"min-height:907px;aspect-ratio:unset;\"><span aria-hidden=\"true\" class=\"wp-block-cover__background has-background-dim-0 has-background-dim\"><\/span><div class=\"wp-block-cover__inner-container has-global-padding is-layout-constrained wp-block-cover-is-layout-constrained\">\n<p id=\"block-672d1ef2-68b1-4d01-9b2a-0d27ff78c976\"><strong>D\u00e9couvrir les merveilles des Gorges du Verdon : entre nature et histoire<\/strong><\/p>\n\n\n\n<p id=\"block-1186d159-1c93-47f9-b997-a2fd57e920da\">Les Gorges du Verdon, joyau naturel du sud-est de la France, offrent une multitude d&rsquo;activit\u00e9s pour les amateurs de plein air et d&rsquo;histoire. Que vous pr\u00e9f\u00e9riez l&rsquo;eau, la randonn\u00e9e p\u00e9destre ou \u00e0 v\u00e9lo, ou l&rsquo;exploration de sites pr\u00e9historiques, il y en a pour tous les go\u00fbts sur pr\u00e8s de 40 km de paysages grandioses.<\/p>\n\n\n\n<p id=\"block-c9f72293-a2b0-40ce-a97b-f027ca2fff37\"><strong>Exploration Nautique :<\/strong> Embarquez pour une balade inoubliable \u00e0 bord d&rsquo;un bateau \u00e9lectrique, d&rsquo;un cano\u00eb ou m\u00eame d&rsquo;un p\u00e9dalo, et d\u00e9couvrez les Gorges du verdon et les grottes sur une distance de pr\u00e8s de 8 km. Laissez-vous \u00e9merveiller par la majest\u00e9 des falaises et la beaut\u00e9 des eaux \u00e9meraude tout au long de votre aventure aquatique.<\/p>\n\n\n\n<p id=\"block-1571aa6f-0b4c-48f2-b8f4-0051a1c7e762\"><strong>Randonn\u00e9es P\u00e9destres :<\/strong> Les passionn\u00e9s de randonn\u00e9e appr\u00e9cieront les sentiers le long des gorges, offrant des panoramas \u00e0 couper le souffle. Parcourez plus de 40 km de chemins vari\u00e9s et d\u00e9couvrez la beaut\u00e9 sauvage de la r\u00e9gion, des points de vue panoramiques aux recoins intimes de la nature.<\/p>\n\n\n\n<p id=\"block-5eaf9480-954f-4be4-9364-904f7417e828\"><strong>Randonn\u00e9es VTT :<\/strong> Les amateurs de VTT trouveront leur bonheur avec plus de 150 km de sentiers \u00e0 explorer. Vivez des sensations fortes au c\u0153ur de paysages pr\u00e9serv\u00e9s, entre montagnes et vall\u00e9es, pour une exp\u00e9rience tout terrain inoubliable.<\/p>\n\n\n\n<p id=\"block-c91bb70f-4dc7-4f82-a536-e1d225a96c56\"><strong>Voyage dans le Temps :<\/strong> Ne manquez pas de visiter le plus grand Mus\u00e9e de  pr\u00e9histoire, o\u00f9 vous pourrez explorer la fascinante histoire de la r\u00e9gion. De plus, la possibilit\u00e9 de visiter la grotte de Baume Bonne et une reconstitution du village pr\u00e9historique vous plongera au c\u0153ur de l&rsquo;histoire humaine, pour une exp\u00e9rience enrichissante et m\u00e9morable.<\/p>\n\n\n\n<p>Que vous soyez amateur de sports nautiques, de randonn\u00e9es ou d&rsquo;histoire, les Gorges du Verdon sauront vous offrir des moments uniques au c\u0153ur d&rsquo;une nature pr\u00e9serv\u00e9e et charg\u00e9e d&rsquo;histoire.<\/p>\n<\/div><\/div>\n\n\n\n<div class=\"wp-block-jetpack-tiled-gallery aligncenter is-style-rectangular\"><div class=\"\"><div class=\"tiled-gallery__gallery\"><div class=\"tiled-gallery__row\"><div class=\"tiled-gallery__col\" style=\"flex-basis:60.16628%\"><figure class=\"tiled-gallery__item\"><img decoding=\"async\" srcset=\"https:\/\/i0.wp.com\/coteverdonlocation.com\/wp-content\/uploads\/2024\/06\/design-sans-titre-2-1.png?strip=info&#038;w=600&#038;ssl=1 600w,https:\/\/i0.wp.com\/coteverdonlocation.com\/wp-content\/uploads\/2024\/06\/design-sans-titre-2-1.png?strip=info&#038;w=900&#038;ssl=1 900w,https:\/\/i0.wp.com\/coteverdonlocation.com\/wp-content\/uploads\/2024\/06\/design-sans-titre-2-1.png?strip=info&#038;w=1200&#038;ssl=1 1200w,https:\/\/i0.wp.com\/coteverdonlocation.com\/wp-content\/uploads\/2024\/06\/design-sans-titre-2-1.png?strip=info&#038;w=1500&#038;ssl=1 1500w,https:\/\/i0.wp.com\/coteverdonlocation.com\/wp-content\/uploads\/2024\/06\/design-sans-titre-2-1.png?strip=info&#038;w=1800&#038;ssl=1 1800w,https:\/\/i0.wp.com\/coteverdonlocation.com\/wp-content\/uploads\/2024\/06\/design-sans-titre-2-1.png?strip=info&#038;w=2000&#038;ssl=1 2000w\" alt=\"\" data-height=\"2048\" data-id=\"688\" data-link=\"https:\/\/coteverdonlocation.com\/activites\/design-sans-titre-2-1\/\" data-url=\"https:\/\/coteverdonlocation.com\/wp-content\/uploads\/2024\/06\/design-sans-titre-2-1.png?w=1024\" data-width=\"2048\" src=\"https:\/\/i0.wp.com\/coteverdonlocation.com\/wp-content\/uploads\/2024\/06\/design-sans-titre-2-1.png?ssl=1\" data-amp-layout=\"responsive\"\/><\/figure><\/div><div class=\"tiled-gallery__col\" style=\"flex-basis:39.83372%\"><figure class=\"tiled-gallery__item\"><img decoding=\"async\" srcset=\"https:\/\/i0.wp.com\/coteverdonlocation.com\/wp-content\/uploads\/2024\/06\/design-sans-titre-3.png?strip=info&#038;w=600&#038;ssl=1 600w,https:\/\/i0.wp.com\/coteverdonlocation.com\/wp-content\/uploads\/2024\/06\/design-sans-titre-3.png?strip=info&#038;w=900&#038;ssl=1 900w,https:\/\/i0.wp.com\/coteverdonlocation.com\/wp-content\/uploads\/2024\/06\/design-sans-titre-3.png?strip=info&#038;w=1080&#038;ssl=1 1080w\" alt=\"\" data-height=\"809\" data-id=\"689\" data-link=\"https:\/\/coteverdonlocation.com\/activites\/design-sans-titre-3\/\" data-url=\"https:\/\/coteverdonlocation.com\/wp-content\/uploads\/2024\/06\/design-sans-titre-3.png?w=1024\" data-width=\"1080\" src=\"https:\/\/i0.wp.com\/coteverdonlocation.com\/wp-content\/uploads\/2024\/06\/design-sans-titre-3.png?ssl=1\" data-amp-layout=\"responsive\"\/><\/figure><figure class=\"tiled-gallery__item\"><img decoding=\"async\" srcset=\"https:\/\/i0.wp.com\/coteverdonlocation.com\/wp-content\/uploads\/2024\/06\/design-sans-titre-4.png?strip=info&#038;w=600&#038;ssl=1 600w,https:\/\/i0.wp.com\/coteverdonlocation.com\/wp-content\/uploads\/2024\/06\/design-sans-titre-4.png?strip=info&#038;w=900&#038;ssl=1 900w,https:\/\/i0.wp.com\/coteverdonlocation.com\/wp-content\/uploads\/2024\/06\/design-sans-titre-4.png?strip=info&#038;w=1200&#038;ssl=1 1200w,https:\/\/i0.wp.com\/coteverdonlocation.com\/wp-content\/uploads\/2024\/06\/design-sans-titre-4.png?strip=info&#038;w=1500&#038;ssl=1 1500w,https:\/\/i0.wp.com\/coteverdonlocation.com\/wp-content\/uploads\/2024\/06\/design-sans-titre-4.png?strip=info&#038;w=1800&#038;ssl=1 1800w,https:\/\/i0.wp.com\/coteverdonlocation.com\/wp-content\/uploads\/2024\/06\/design-sans-titre-4.png?strip=info&#038;w=2000&#038;ssl=1 2000w\" alt=\"\" data-height=\"1536\" data-id=\"690\" data-link=\"https:\/\/coteverdonlocation.com\/activites\/design-sans-titre-4\/\" data-url=\"https:\/\/coteverdonlocation.com\/wp-content\/uploads\/2024\/06\/design-sans-titre-4.png?w=1024\" data-width=\"2048\" src=\"https:\/\/i0.wp.com\/coteverdonlocation.com\/wp-content\/uploads\/2024\/06\/design-sans-titre-4.png?ssl=1\" data-amp-layout=\"responsive\"\/><\/figure><\/div><\/div><div class=\"tiled-gallery__row\"><div class=\"tiled-gallery__col\" style=\"flex-basis:30.09271%\"><figure class=\"tiled-gallery__item\"><img decoding=\"async\" srcset=\"https:\/\/i0.wp.com\/coteverdonlocation.com\/wp-content\/uploads\/2024\/06\/design-sans-titre-5.png?strip=info&#038;w=600&#038;ssl=1 600w,https:\/\/i0.wp.com\/coteverdonlocation.com\/wp-content\/uploads\/2024\/06\/design-sans-titre-5.png?strip=info&#038;w=865&#038;ssl=1 865w\" alt=\"\" data-height=\"865\" data-id=\"691\" data-link=\"https:\/\/coteverdonlocation.com\/activites\/design-sans-titre-5\/\" data-url=\"https:\/\/coteverdonlocation.com\/wp-content\/uploads\/2024\/06\/design-sans-titre-5.png?w=865\" data-width=\"865\" src=\"https:\/\/i0.wp.com\/coteverdonlocation.com\/wp-content\/uploads\/2024\/06\/design-sans-titre-5.png?ssl=1\" data-amp-layout=\"responsive\"\/><\/figure><\/div><div class=\"tiled-gallery__col\" style=\"flex-basis:69.90729%\"><figure class=\"tiled-gallery__item\"><img decoding=\"async\" srcset=\"https:\/\/i0.wp.com\/coteverdonlocation.com\/wp-content\/uploads\/2024\/06\/design-sans-titre-6.png?strip=info&#038;w=600&#038;ssl=1 600w,https:\/\/i0.wp.com\/coteverdonlocation.com\/wp-content\/uploads\/2024\/06\/design-sans-titre-6.png?strip=info&#038;w=900&#038;ssl=1 900w,https:\/\/i0.wp.com\/coteverdonlocation.com\/wp-content\/uploads\/2024\/06\/design-sans-titre-6.png?strip=info&#038;w=1200&#038;ssl=1 1200w,https:\/\/i0.wp.com\/coteverdonlocation.com\/wp-content\/uploads\/2024\/06\/design-sans-titre-6.png?strip=info&#038;w=1500&#038;ssl=1 1500w,https:\/\/i0.wp.com\/coteverdonlocation.com\/wp-content\/uploads\/2024\/06\/design-sans-titre-6.png?strip=info&#038;w=1800&#038;ssl=1 1800w,https:\/\/i0.wp.com\/coteverdonlocation.com\/wp-content\/uploads\/2024\/06\/design-sans-titre-6.png?strip=info&#038;w=2000&#038;ssl=1 2000w\" alt=\"\" data-height=\"877\" data-id=\"692\" data-link=\"https:\/\/coteverdonlocation.com\/activites\/design-sans-titre-6\/\" data-url=\"https:\/\/coteverdonlocation.com\/wp-content\/uploads\/2024\/06\/design-sans-titre-6.png?w=1024\" data-width=\"2048\" src=\"https:\/\/i0.wp.com\/coteverdonlocation.com\/wp-content\/uploads\/2024\/06\/design-sans-titre-6.png?ssl=1\" data-amp-layout=\"responsive\"\/><\/figure><\/div><\/div><div class=\"tiled-gallery__row\"><div class=\"tiled-gallery__col\" style=\"flex-basis:39.81136%\"><figure class=\"tiled-gallery__item\"><img decoding=\"async\" srcset=\"https:\/\/i0.wp.com\/coteverdonlocation.com\/wp-content\/uploads\/2024\/06\/design-sans-titre-7.png?strip=info&#038;w=600&#038;ssl=1 600w,https:\/\/i0.wp.com\/coteverdonlocation.com\/wp-content\/uploads\/2024\/06\/design-sans-titre-7.png?strip=info&#038;w=900&#038;ssl=1 900w,https:\/\/i0.wp.com\/coteverdonlocation.com\/wp-content\/uploads\/2024\/06\/design-sans-titre-7.png?strip=info&#038;w=1200&#038;ssl=1 1200w,https:\/\/i0.wp.com\/coteverdonlocation.com\/wp-content\/uploads\/2024\/06\/design-sans-titre-7.png?strip=info&#038;w=1500&#038;ssl=1 1500w,https:\/\/i0.wp.com\/coteverdonlocation.com\/wp-content\/uploads\/2024\/06\/design-sans-titre-7.png?strip=info&#038;w=1800&#038;ssl=1 1800w,https:\/\/i0.wp.com\/coteverdonlocation.com\/wp-content\/uploads\/2024\/06\/design-sans-titre-7.png?strip=info&#038;w=2000&#038;ssl=1 2000w\" alt=\"\" data-height=\"1025\" data-id=\"694\" data-link=\"https:\/\/coteverdonlocation.com\/activites\/design-sans-titre-7\/\" data-url=\"https:\/\/coteverdonlocation.com\/wp-content\/uploads\/2024\/06\/design-sans-titre-7.png?w=1024\" data-width=\"2048\" src=\"https:\/\/i0.wp.com\/coteverdonlocation.com\/wp-content\/uploads\/2024\/06\/design-sans-titre-7.png?ssl=1\" data-amp-layout=\"responsive\"\/><\/figure><figure class=\"tiled-gallery__item\"><img decoding=\"async\" srcset=\"https:\/\/i0.wp.com\/coteverdonlocation.com\/wp-content\/uploads\/2024\/06\/design-sans-titre-8.png?strip=info&#038;w=600&#038;ssl=1 600w,https:\/\/i0.wp.com\/coteverdonlocation.com\/wp-content\/uploads\/2024\/06\/design-sans-titre-8.png?strip=info&#038;w=900&#038;ssl=1 900w,https:\/\/i0.wp.com\/coteverdonlocation.com\/wp-content\/uploads\/2024\/06\/design-sans-titre-8.png?strip=info&#038;w=1200&#038;ssl=1 1200w,https:\/\/i0.wp.com\/coteverdonlocation.com\/wp-content\/uploads\/2024\/06\/design-sans-titre-8.png?strip=info&#038;w=1500&#038;ssl=1 1500w,https:\/\/i0.wp.com\/coteverdonlocation.com\/wp-content\/uploads\/2024\/06\/design-sans-titre-8.png?strip=info&#038;w=1800&#038;ssl=1 1800w,https:\/\/i0.wp.com\/coteverdonlocation.com\/wp-content\/uploads\/2024\/06\/design-sans-titre-8.png?strip=info&#038;w=2000&#038;ssl=1 2000w\" alt=\"\" data-height=\"2048\" data-id=\"695\" data-link=\"https:\/\/coteverdonlocation.com\/activites\/design-sans-titre-8\/\" data-url=\"https:\/\/coteverdonlocation.com\/wp-content\/uploads\/2024\/06\/design-sans-titre-8.png?w=1024\" data-width=\"2048\" src=\"https:\/\/i0.wp.com\/coteverdonlocation.com\/wp-content\/uploads\/2024\/06\/design-sans-titre-8.png?ssl=1\" data-amp-layout=\"responsive\"\/><\/figure><\/div><div class=\"tiled-gallery__col\" style=\"flex-basis:60.18864%\"><figure class=\"tiled-gallery__item\"><img decoding=\"async\" srcset=\"https:\/\/i0.wp.com\/coteverdonlocation.com\/wp-content\/uploads\/2024\/06\/design-sans-titre-9.png?strip=info&#038;w=600&#038;ssl=1 600w,https:\/\/i0.wp.com\/coteverdonlocation.com\/wp-content\/uploads\/2024\/06\/design-sans-titre-9.png?strip=info&#038;w=900&#038;ssl=1 900w,https:\/\/i0.wp.com\/coteverdonlocation.com\/wp-content\/uploads\/2024\/06\/design-sans-titre-9.png?strip=info&#038;w=1200&#038;ssl=1 1200w,https:\/\/i0.wp.com\/coteverdonlocation.com\/wp-content\/uploads\/2024\/06\/design-sans-titre-9.png?strip=info&#038;w=1500&#038;ssl=1 1500w,https:\/\/i0.wp.com\/coteverdonlocation.com\/wp-content\/uploads\/2024\/06\/design-sans-titre-9.png?strip=info&#038;w=1800&#038;ssl=1 1800w,https:\/\/i0.wp.com\/coteverdonlocation.com\/wp-content\/uploads\/2024\/06\/design-sans-titre-9.png?strip=info&#038;w=2000&#038;ssl=1 2000w\" alt=\"\" data-height=\"2048\" data-id=\"696\" data-link=\"https:\/\/coteverdonlocation.com\/activites\/design-sans-titre-9\/\" data-url=\"https:\/\/coteverdonlocation.com\/wp-content\/uploads\/2024\/06\/design-sans-titre-9.png?w=1024\" data-width=\"2048\" src=\"https:\/\/i0.wp.com\/coteverdonlocation.com\/wp-content\/uploads\/2024\/06\/design-sans-titre-9.png?ssl=1\" data-amp-layout=\"responsive\"\/><\/figure><\/div><\/div><div class=\"tiled-gallery__row\"><div class=\"tiled-gallery__col\" style=\"flex-basis:24.72443%\"><figure class=\"tiled-gallery__item\"><img decoding=\"async\" srcset=\"https:\/\/i0.wp.com\/coteverdonlocation.com\/wp-content\/uploads\/2024\/06\/design-sans-titre-10.png?strip=info&#038;w=600&#038;ssl=1 600w,https:\/\/i0.wp.com\/coteverdonlocation.com\/wp-content\/uploads\/2024\/06\/design-sans-titre-10.png?strip=info&#038;w=900&#038;ssl=1 900w,https:\/\/i0.wp.com\/coteverdonlocation.com\/wp-content\/uploads\/2024\/06\/design-sans-titre-10.png?strip=info&#038;w=1200&#038;ssl=1 1200w,https:\/\/i0.wp.com\/coteverdonlocation.com\/wp-content\/uploads\/2024\/06\/design-sans-titre-10.png?strip=info&#038;w=1500&#038;ssl=1 1500w,https:\/\/i0.wp.com\/coteverdonlocation.com\/wp-content\/uploads\/2024\/06\/design-sans-titre-10.png?strip=info&#038;w=1800&#038;ssl=1 1800w,https:\/\/i0.wp.com\/coteverdonlocation.com\/wp-content\/uploads\/2024\/06\/design-sans-titre-10.png?strip=info&#038;w=2000&#038;ssl=1 2000w\" alt=\"\" data-height=\"1536\" data-id=\"697\" data-link=\"https:\/\/coteverdonlocation.com\/activites\/design-sans-titre-10\/\" data-url=\"https:\/\/coteverdonlocation.com\/wp-content\/uploads\/2024\/06\/design-sans-titre-10.png?w=1024\" data-width=\"2048\" src=\"https:\/\/i0.wp.com\/coteverdonlocation.com\/wp-content\/uploads\/2024\/06\/design-sans-titre-10.png?ssl=1\" data-amp-layout=\"responsive\"\/><\/figure><\/div><div class=\"tiled-gallery__col\" style=\"flex-basis:47.49119%\"><figure class=\"tiled-gallery__item\"><img decoding=\"async\" srcset=\"https:\/\/i0.wp.com\/coteverdonlocation.com\/wp-content\/uploads\/2024\/06\/design-sans-titre-11.png?strip=info&#038;w=600&#038;ssl=1 600w,https:\/\/i0.wp.com\/coteverdonlocation.com\/wp-content\/uploads\/2024\/06\/design-sans-titre-11.png?strip=info&#038;w=900&#038;ssl=1 900w,https:\/\/i0.wp.com\/coteverdonlocation.com\/wp-content\/uploads\/2024\/06\/design-sans-titre-11.png?strip=info&#038;w=1200&#038;ssl=1 1200w,https:\/\/i0.wp.com\/coteverdonlocation.com\/wp-content\/uploads\/2024\/06\/design-sans-titre-11.png?strip=info&#038;w=1500&#038;ssl=1 1500w,https:\/\/i0.wp.com\/coteverdonlocation.com\/wp-content\/uploads\/2024\/06\/design-sans-titre-11.png?strip=info&#038;w=1800&#038;ssl=1 1800w,https:\/\/i0.wp.com\/coteverdonlocation.com\/wp-content\/uploads\/2024\/06\/design-sans-titre-11.png?strip=info&#038;w=2000&#038;ssl=1 2000w\" alt=\"\" data-height=\"795\" data-id=\"698\" data-link=\"https:\/\/coteverdonlocation.com\/activites\/design-sans-titre-11\/\" data-url=\"https:\/\/coteverdonlocation.com\/wp-content\/uploads\/2024\/06\/design-sans-titre-11.png?w=1024\" data-width=\"2048\" src=\"https:\/\/i0.wp.com\/coteverdonlocation.com\/wp-content\/uploads\/2024\/06\/design-sans-titre-11.png?ssl=1\" data-amp-layout=\"responsive\"\/><\/figure><\/div><div class=\"tiled-gallery__col\" style=\"flex-basis:27.78438%\"><figure class=\"tiled-gallery__item\"><img decoding=\"async\" srcset=\"https:\/\/i0.wp.com\/coteverdonlocation.com\/wp-content\/uploads\/2024\/06\/design-sans-titre.png?strip=info&#038;w=600&#038;ssl=1 600w,https:\/\/i0.wp.com\/coteverdonlocation.com\/wp-content\/uploads\/2024\/06\/design-sans-titre.png?strip=info&#038;w=900&#038;ssl=1 900w,https:\/\/i0.wp.com\/coteverdonlocation.com\/wp-content\/uploads\/2024\/06\/design-sans-titre.png?strip=info&#038;w=1200&#038;ssl=1 1200w,https:\/\/i0.wp.com\/coteverdonlocation.com\/wp-content\/uploads\/2024\/06\/design-sans-titre.png?strip=info&#038;w=1500&#038;ssl=1 1500w,https:\/\/i0.wp.com\/coteverdonlocation.com\/wp-content\/uploads\/2024\/06\/design-sans-titre.png?strip=info&#038;w=1800&#038;ssl=1 1800w,https:\/\/i0.wp.com\/coteverdonlocation.com\/wp-content\/uploads\/2024\/06\/design-sans-titre.png?strip=info&#038;w=2000&#038;ssl=1 2000w\" alt=\"\" data-height=\"1365\" data-id=\"699\" data-link=\"https:\/\/coteverdonlocation.com\/activites\/design-sans-titre\/\" data-url=\"https:\/\/coteverdonlocation.com\/wp-content\/uploads\/2024\/06\/design-sans-titre.png?w=1024\" data-width=\"2048\" src=\"https:\/\/i0.wp.com\/coteverdonlocation.com\/wp-content\/uploads\/2024\/06\/design-sans-titre.png?ssl=1\" data-amp-layout=\"responsive\"\/><\/figure><\/div><\/div><\/div><\/div><\/div>\n","protected":false},"excerpt":{"rendered":"<p>Activit\u00e9s<\/p>\n","protected":false},"author":2,"featured_media":0,"parent":0,"menu_order":0,"comment_status":"closed","ping_status":"closed","template":"","meta":{"footnotes":""},"class_list":["post-448","page","type-page","status-publish","hentry"],"jetpack_sharing_enabled":true,"_links":{"self":[{"href":"https:\/\/coteverdonlocation.ovh\/index.php?rest_route=\/wp\/v2\/pages\/448","targetHints":{"allow":["GET"]}}],"collection":[{"href":"https:\/\/coteverdonlocation.ovh\/index.php?rest_route=\/wp\/v2\/pages"}],"about":[{"href":"https:\/\/coteverdonlocation.ovh\/index.php?rest_route=\/wp\/v2\/types\/page"}],"author":[{"embeddable":true,"href":"https:\/\/coteverdonlocation.ovh\/index.php?rest_route=\/wp\/v2\/users\/2"}],"replies":[{"embeddable":true,"href":"https:\/\/coteverdonlocation.ovh\/index.php?rest_route=%2Fwp%2Fv2%2Fcomments&post=448"}],"version-history":[{"count":1,"href":"https:\/\/coteverdonlocation.ovh\/index.php?rest_route=\/wp\/v2\/pages\/448\/revisions"}],"predecessor-version":[{"id":862,"href":"https:\/\/coteverdonlocation.ovh\/index.php?rest_route=\/wp\/v2\/pages\/448\/revisions\/862"}],"wp:attachment":[{"href":"https:\/\/coteverdonlocation.ovh\/index.php?rest_route=%2Fwp%2Fv2%2Fmedia&parent=448"}],"curies":[{"name":"wp","href":"https:\/\/api.w.org\/{rel}","templated":true}]}}